{"id":11,"date":"2016-03-10T13:34:49","date_gmt":"2016-03-10T11:34:49","guid":{"rendered":"http:\/\/kliniketikkurul.erzincan.edu.tr\/?page_id=11"},"modified":"2026-04-14T10:26:07","modified_gmt":"2026-04-14T07:26:07","slug":"calisma-takvimi","status":"publish","type":"page","link":"https:\/\/kliniketikkurul.ebyu.edu.tr\/?page_id=11","title":{"rendered":"\u00c7al\u0131\u015fma Takvimi"},"content":{"rendered":"<p><strong>KL\u0130N\u0130K ARA\u015eTIRMALAR ET\u0130K KURUL<\/strong><\/p>\n<p><strong>Toplant\u0131 Tarihleri-Dosya Kabul Tarihleri<\/strong><\/p>\n<p>2026 Y\u0131l\u0131 Ait Klinik Ara\u015ft\u0131rmalar Etik Kurul \u00c7al\u0131\u015fma Takvimi<\/p>\n<table style=\"width: 68.5676%\" width=\"642\">\n<tbody>\n<tr>\n<td style=\"width: 26.1206%\" width=\"167\"><strong>AYLAR<\/strong><\/td>\n<td style=\"width: 38.7944%\" width=\"251\"><strong>\u00a0<\/strong><\/p>\n<p><strong>TOPLANTI TAR\u0130HLER\u0130<\/strong><\/td>\n<td style=\"width: 45.0425%\" width=\"216\"><strong>\u00a0<\/strong><\/p>\n<p><strong>DOSYA KABUL TAR\u0130HLER\u0130<\/strong><\/td>\n<\/tr>\n<tr>\n<td style=\"width: 26.1206%\" width=\"167\"><strong>Nisan<\/strong><\/td>\n<td style=\"width: 38.7944%\" width=\"251\">9 Nisan 2026 (7. Etik Kurul Toplant\u0131 Tarihi)<\/p>\n<p>&nbsp;<\/p>\n<p>22 Nisan 2026 (8. Etik Kurul Toplant\u0131 Tarihi)<\/td>\n<td style=\"width: 45.0425%\" width=\"216\">30 Mart-3 Nisan 2026 (7. Etik Kurul Dosya Ba\u015fvuru Tarihleri)<\/p>\n<p>13-17 Nisan 2026 (8. Etik Kurul Dosya Ba\u015fvuru Tarihleri)<\/td>\n<\/tr>\n<tr>\n<td style=\"width: 26.1206%\" width=\"167\"><strong>May\u0131s<\/strong><\/td>\n<td style=\"width: 38.7944%\" width=\"251\">7 May\u0131s 2026 (9. Etik Kurul Toplant\u0131 Tarihi)<\/p>\n<p>&nbsp;<\/p>\n<p>21 May\u0131s 2026 (10. Etik Kurul Toplant\u0131 Tarihi)<\/td>\n<td style=\"width: 45.0425%\" width=\"216\">27 Nisan-1 May\u0131s 2026 (9. Etik Kurul Dosya Ba\u015fvuru Tarihleri)<\/p>\n<p>11-15 May\u0131s 2026 (10. Etik Kurul Dosya Ba\u015fvuru Tarihleri)<\/td>\n<\/tr>\n<tr>\n<td style=\"width: 26.1206%\" width=\"167\"><strong>Haziran<\/strong><\/td>\n<td style=\"width: 38.7944%\" width=\"251\">4 Haziran 2026 (11. Etik Kurul Toplant\u0131 Tarihi)<\/p>\n<p>&nbsp;<\/p>\n<p>18 Haziran 2026 (12. Etik Kurul Toplant\u0131 Tarihi)<\/td>\n<td style=\"width: 45.0425%\" width=\"216\">25-29 May\u0131s 2026 (11. Etik Kurul Dosya Ba\u015fvuru Tarihleri)<\/p>\n<p>8-12 Haziran 2026 (12. Etik Kurul Dosya Ba\u015fvuru Tarihleri)<\/td>\n<\/tr>\n<\/tbody>\n<\/table>\n<p><strong style=\"color: #ff0000\">*** \u00d6nemli Duyuru;22 Nisanda yap\u0131lmas\u0131 planlanan toplant\u0131 30 Nisana ertelenmi\u015ftir.<\/strong><\/p>\n<p><strong style=\"color: #ff0000\">*** \u00d6nemli Duyuru; Ba\u015fvuru i\u00e7in istenen evraklar sitemizde g\u00fcncellenmi\u015ftir. G\u00fcncellenen evraklarla ba\u015fvurular\u0131n\u0131z\u0131 yapman\u0131z gerekmektedir.<\/strong><\/p>\n<p><strong style=\"color: #ff0000\">*** \u00d6nemli Duyuru; Resmi Tatil g\u00fcnlerine denk gelen Dosya Kabul ve Toplant\u0131 Tarihleri ile ilgili duyurular yay\u0131nlanacakt\u0131r.<\/strong><\/p>\n<p>&nbsp;<\/p>\n<p><strong><u>Not :<\/u><\/strong><\/p>\n<p>Ba\u015fvuru Formlar\u0131n\u0131 Etik Kurul Sekreterli\u011fine\u00a0 <strong>hem bas\u0131l\u0131 hem elektronik ortamda<\/strong> (Usb-Bellek) ayr\u0131 olarak haz\u0131rlanm\u0131\u015f \u015fekilde teslim ediniz. L\u00fctfen formlar\u0131 eksiksiz ve \u00f6zenli bir \u015fekilde doldurunuz. Gerekli \u00f6zen g\u00f6sterilmeden doldurulmu\u015f formlar sebebiyle ba\u015fvurular\u0131n sonu\u00e7lanmas\u0131 gecikebilmektedir.<\/p>\n<p>&nbsp;<\/p>\n<p><strong><u>G\u0130R\u0130\u015e\u0130MSEL OLAN\/OLMAYAN KL\u0130N\u0130K ARA\u015eTIRMALAR ET\u0130K KURUL BA\u015eVURU FORMLARI<\/u><\/strong><\/p>\n<p>Ba\u015fvuru Formlar\u0131n\u0131 web sayfam\u0131zdan indirebilirsiniz. Ba\u015fvurular, \u00dcniversitemiz T\u0131p Fak\u00fcltesi \u201cEBYU Giri\u015fimsel Olan\/Olmayan Klinik Ara\u015ft\u0131rmalar Etik Kurulu\u201d sekretaryas\u0131na elden yap\u0131lacakt\u0131r.<\/p>\n<p>&nbsp;<\/p>\n<p><strong><u>BA\u015eVURU \u0130\u00c7\u0130N GEREKL\u0130 FORMLAR :<\/u><\/strong><\/p>\n<p>1.Ba\u015fvuru Dilek\u00e7esi (Zorunlu)<\/p>\n<p>2.Ba\u015fvuru Formu \u00a0(Zorunlu)<\/p>\n<p>3.B\u00fct\u00e7e Formu(Zorunlu)<\/p>\n<p>4.Ba\u015fvuru Sahibinin \u00d6zge\u00e7mi\u015f Formu (Zorunlu)<\/p>\n<p>5.Anabilim Dal\u0131 Ba\u015fkan\u0131-E\u011fitim Sorumlusu Bilgilendirme Formu (Zorunlu)<\/p>\n<p>6.\u00c7ok Merkezli Ara\u015ft\u0131rmalar \u0130\u00e7in Biyolojik Materyal Transfer Formu (\u00c7al\u0131\u015fmaya Ba\u011fl\u0131)<\/p>\n<p>7.Bilgilendirilmi\u015f G\u00f6n\u00fcll\u00fc Olur Formu \u00d6rne\u011fi (\u00c7al\u0131\u015fmaya ba\u011fl\u0131) Bu formda ara\u015ft\u0131rman\u0131n amac\u0131, y\u00f6ntemler ve g\u00f6n\u00fcll\u00fcye yap\u0131lacak t\u00fcm uygulamalar sade ve g\u00f6n\u00fcll\u00fcn\u00fcn anlayabilece\u011fi bir dille uzunca yaz\u0131lmal\u0131d\u0131r<\/p>\n<p>8.Tez ama\u00e7l\u0131 ba\u015fvuru yapacak ara\u015ft\u0131rma g\u00f6revlilerimizin ilgili Anabilim Dal\u0131 Kurul Karar\u0131n\u0131n bir adet fotokopisi (Tez \u00c7al\u0131\u015fmalar\u0131 i\u00e7in zorunlu)<\/p>\n<p>9.Helsinki Bildirgesi <strong>(\u00c7\u0131kt\u0131s\u0131 al\u0131nd\u0131ktan sonra t\u00fcm ara\u015ft\u0131rmac\u0131lar taraf\u0131ndan okunmu\u015f ve her sayfas\u0131 imzalanm\u0131\u015f olmal\u0131d\u0131r.)<\/strong><\/p>\n<p>10.Referans Makale (Ara\u015ft\u0131rma ile ilgili en \u00f6nemli 3 makale<\/p>\n<p>11.Mavi Renkli \u015eeffaf Kapakl\u0131 Plastik Dosya (Zorunlu)<\/p>\n<p>12.Konu ile ilgili Acrobat Reader (.pdf) format\u0131nda 3 adet literat\u00fcr: Literat\u00fcr Elektronik Ortamda Olmal\u0131 (Zorunlu)<\/p>\n","protected":false},"excerpt":{"rendered":"<p>KL\u0130N\u0130K ARA\u015eTIRMALAR ET\u0130K KURUL Toplant\u0131 Tarihleri-Dosya Kabul Tarihleri 2026 Y\u0131l\u0131 Ait Klinik Ara\u015ft\u0131rmalar Etik Kurul \u00c7al\u0131\u015fma Takvimi AYLAR \u00a0 TOPLANTI TAR\u0130HLER\u0130 \u00a0 DOSYA KABUL TAR\u0130HLER\u0130 Nisan 9 Nisan 2026 (7. Etik Kurul Toplant\u0131 Tarihi) &nbsp; 22 Nisan 2026 (8. Etik Kurul Toplant\u0131 Tarihi) 30 Mart-3 Nisan 2026 (7. Etik Kurul Dosya Ba\u015fvuru Tarihleri) 13-17 Nisan [&hellip;]<\/p>\n","protected":false},"author":1,"featured_media":0,"parent":0,"menu_order":0,"comment_status":"closed","ping_status":"closed","template":"","meta":[],"_links":{"self":[{"href":"https:\/\/kliniketikkurul.ebyu.edu.tr\/index.php?rest_route=\/wp\/v2\/pages\/11"}],"collection":[{"href":"https:\/\/kliniketikkurul.ebyu.edu.tr\/index.php?rest_route=\/wp\/v2\/pages"}],"about":[{"href":"https:\/\/kliniketikkurul.ebyu.edu.tr\/index.php?rest_route=\/wp\/v2\/types\/page"}],"author":[{"embeddable":true,"href":"https:\/\/kliniketikkurul.ebyu.edu.tr\/index.php?rest_route=\/wp\/v2\/users\/1"}],"replies":[{"embeddable":true,"href":"https:\/\/kliniketikkurul.ebyu.edu.tr\/index.php?rest_route=%2Fwp%2Fv2%2Fcomments&post=11"}],"version-history":[{"count":44,"href":"https:\/\/kliniketikkurul.ebyu.edu.tr\/index.php?rest_route=\/wp\/v2\/pages\/11\/revisions"}],"predecessor-version":[{"id":730,"href":"https:\/\/kliniketikkurul.ebyu.edu.tr\/index.php?rest_route=\/wp\/v2\/pages\/11\/revisions\/730"}],"wp:attachment":[{"href":"https:\/\/kliniketikkurul.ebyu.edu.tr\/index.php?rest_route=%2Fwp%2Fv2%2Fmedia&parent=11"}],"curies":[{"name":"wp","href":"https:\/\/api.w.org\/{rel}","templated":true}]}}