{"id":122,"date":"2016-03-24T23:15:17","date_gmt":"2016-03-24T21:15:17","guid":{"rendered":"http:\/\/kliniketikkurul.erzincan.edu.tr\/?page_id=122"},"modified":"2022-05-25T10:31:03","modified_gmt":"2022-05-25T07:31:03","slug":"mevzuat-2","status":"publish","type":"page","link":"https:\/\/kliniketikkurul.ebyu.edu.tr\/?page_id=122","title":{"rendered":"Mevzuat"},"content":{"rendered":"<p><a href=\"https:\/\/kliniketikkurul.ebyu.edu.tr\/wp-content\/uploads\/2020\/02\/KL\u0130N\u0130K-ARA\u015eTIRMALAR-HAKKINDA-Y\u00d6NETMEL\u0130K-13-Nisan-2013.pdf\">KL\u0130N\u0130K ARA\u015eTIRMALAR HAKKINDA Y\u00d6NETMEL\u0130K 13 Nisan 2013<\/a><\/p>\n<p><a href=\"https:\/\/kliniketikkurul.ebyu.edu.tr\/wp-content\/uploads\/2020\/02\/KL\u0130N\u0130K-ARA\u015eTIRMALAR-HAKKINDA-Y\u00d6NETMEL\u0130KTE-DE\u011e\u0130\u015e\u0130KL\u0130K-YAPILMASINA-DA\u0130R-Y\u00d6NETMEL\u0130K-25-Haziran-2014.pdf\">KL\u0130N\u0130K ARA\u015eTIRMALAR HAKKINDA Y\u00d6NETMEL\u0130KTE DE\u011e\u0130\u015e\u0130KL\u0130K YAPILMASINA DA\u0130R Y\u00d6NETMEL\u0130K 25 Haziran 2014<\/a><\/p>\n<p>&nbsp;<\/p>\n<p>&nbsp;<\/p>\n<p>&nbsp;<\/p>\n<p>&nbsp;<\/p>\n<p>&nbsp;<\/p>\n<p>___________________________________________________________<\/p>\n<p><a href=\"https:\/\/kliniketikkurul.ebyu.edu.tr\/wp-content\/uploads\/2022\/05\/TCSaglikBakanligi_KlinikArastirmalarveBiyoyararlanim.pdf\" target=\"_blank\" rel=\"noopener\">T.C. Sa\u011fl\u0131k Bakanl\u0131\u011f\u0131 T\u00fcrkiye \u0130la\u00e7 ve T\u0131bbi Cihaz Kurumu Klinik Ara\u015ft\u0131rmalar ve Biyoyararlan\u0131m\/Biyoe\u015fde\u011ferlik \u00c7al\u0131\u015fmalar\u0131 Etik Kurullar\u0131n\u0131n Standart \u00c7al\u0131\u015fma Y\u00f6ntemi Esaslar\u0131<\/a><\/p>\n<p><a href=\"https:\/\/kliniketikkurul.ebyu.edu.tr\/wp-content\/uploads\/2022\/05\/IYI-KLINIK-UYGULAMALARI-KILAVUZU.pdf\">\u0130Y\u0130 KL\u0130N\u0130K UYGULAMALARI KILAVUZU<\/a><\/p>\n<p><a href=\"http:\/\/kliniketikkurul.erzincan.edu.tr\/wp-content\/uploads\/2016\/03\/\u0130LA\u00c7LARLA-YAPILAN-G\u00d6ZLEMSEL-\u00c7ALI\u015eMALAR-KILAVUZU.pdf\" rel=\"\">\u0130LA\u00c7LARLA YAPILAN G\u00d6ZLEMSEL \u00c7ALI\u015eMA<\/a><a href=\"http:\/\/kliniketikkurul.erzincan.edu.tr\/wp-content\/uploads\/2016\/03\/\u0130LA\u00c7LARLA-YAPILAN-G\u00d6ZLEMSEL-\u00c7ALI\u015eMALAR-KILAVUZU.pdf\" rel=\"\">LAR KILAVUZU<\/a><\/p>\n<p><a href=\"http:\/\/kliniketikkurul.erzincan.edu.tr\/wp-content\/uploads\/2016\/03\/28617-Say\u0131l\u0131-Klinik-Ara\u015ft\u0131rmalar-Hakk\u0131nda-Y\u00f6netmelik.pdf\" rel=\"\">28617 Say\u0131l\u0131 Klinik Ara\u015ft\u0131rmalar Hakk\u0131nda Y\u00f6netmelik<\/a><\/p>\n<p><a href=\"https:\/\/kliniketikkurul.ebyu.edu.tr\/wp-content\/uploads\/2022\/05\/IYI-KLINIK-UYGULAMALARI-KILAVUZU.pdf\">\u0130Y\u0130 KL\u0130N\u0130K UYGULAMALARI KILAVUZU<\/a><\/p>\n<p><a href=\"http:\/\/kliniketikkurul.erzincan.edu.tr\/wp-content\/uploads\/2016\/03\/TCK-Madde-90.pdf\">TCK Madde 90<\/a><\/p>\n<p>&nbsp;<\/p>\n<p>&nbsp;<\/p>\n","protected":false},"excerpt":{"rendered":"<p>KL\u0130N\u0130K ARA\u015eTIRMALAR HAKKINDA Y\u00d6NETMEL\u0130K 13 Nisan 2013 KL\u0130N\u0130K ARA\u015eTIRMALAR HAKKINDA Y\u00d6NETMEL\u0130KTE DE\u011e\u0130\u015e\u0130KL\u0130K YAPILMASINA DA\u0130R Y\u00d6NETMEL\u0130K 25 Haziran 2014 &nbsp; &nbsp; &nbsp; &nbsp; &nbsp; ___________________________________________________________ T.C. Sa\u011fl\u0131k Bakanl\u0131\u011f\u0131 T\u00fcrkiye \u0130la\u00e7 ve T\u0131bbi Cihaz Kurumu Klinik Ara\u015ft\u0131rmalar ve Biyoyararlan\u0131m\/Biyoe\u015fde\u011ferlik \u00c7al\u0131\u015fmalar\u0131 Etik Kurullar\u0131n\u0131n Standart \u00c7al\u0131\u015fma Y\u00f6ntemi Esaslar\u0131 \u0130Y\u0130 KL\u0130N\u0130K UYGULAMALARI KILAVUZU \u0130LA\u00c7LARLA YAPILAN G\u00d6ZLEMSEL \u00c7ALI\u015eMALAR KILAVUZU 28617 Say\u0131l\u0131 [&hellip;]<\/p>\n","protected":false},"author":1,"featured_media":0,"parent":0,"menu_order":0,"comment_status":"closed","ping_status":"closed","template":"","meta":[],"_links":{"self":[{"href":"https:\/\/kliniketikkurul.ebyu.edu.tr\/index.php?rest_route=\/wp\/v2\/pages\/122"}],"collection":[{"href":"https:\/\/kliniketikkurul.ebyu.edu.tr\/index.php?rest_route=\/wp\/v2\/pages"}],"about":[{"href":"https:\/\/kliniketikkurul.ebyu.edu.tr\/index.php?rest_route=\/wp\/v2\/types\/page"}],"author":[{"embeddable":true,"href":"https:\/\/kliniketikkurul.ebyu.edu.tr\/index.php?rest_route=\/wp\/v2\/users\/1"}],"replies":[{"embeddable":true,"href":"https:\/\/kliniketikkurul.ebyu.edu.tr\/index.php?rest_route=%2Fwp%2Fv2%2Fcomments&post=122"}],"version-history":[{"count":3,"href":"https:\/\/kliniketikkurul.ebyu.edu.tr\/index.php?rest_route=\/wp\/v2\/pages\/122\/revisions"}],"predecessor-version":[{"id":483,"href":"https:\/\/kliniketikkurul.ebyu.edu.tr\/index.php?rest_route=\/wp\/v2\/pages\/122\/revisions\/483"}],"wp:attachment":[{"href":"https:\/\/kliniketikkurul.ebyu.edu.tr\/index.php?rest_route=%2Fwp%2Fv2%2Fmedia&parent=122"}],"curies":[{"name":"wp","href":"https:\/\/api.w.org\/{rel}","templated":true}]}}