{"id":13,"date":"2016-03-10T13:35:04","date_gmt":"2016-03-10T11:35:04","guid":{"rendered":"http:\/\/kliniketikkurul.erzincan.edu.tr\/?page_id=13"},"modified":"2025-10-13T15:02:25","modified_gmt":"2025-10-13T12:02:25","slug":"basvuru-formlari","status":"publish","type":"page","link":"https:\/\/kliniketikkurul.ebyu.edu.tr\/?page_id=13","title":{"rendered":"Ba\u015fvuru Formlar\u0131"},"content":{"rendered":"<p><strong><u>KL\u0130N\u0130K ARA\u015eTIRMALAR ET\u0130K KURUL BA\u015eVURU FORMLARI<\/u><\/strong><\/p>\n<p>Ba\u015fvuru Formlar\u0131n\u0131 web sayfam\u0131zdan indirebilirsiniz. Ba\u015fvurular, \u00dcniversitemiz T\u0131p Fak\u00fcltesi \u201cEBYU Klinik Ara\u015ft\u0131rmalar Etik Kurulu\u201d sekretaryas\u0131na elden yap\u0131lacakt\u0131r.<\/p>\n<p><span style=\"color: #ff0000\"><strong>*** \u00d6nemli Duyuru; Ba\u015fvuruda istenen evraklar\u0131n hepsi imzalanarak sonras\u0131nda tarat\u0131larak tek bir PDF dosyas\u0131na d\u00f6n\u00fc\u015ft\u00fcr\u00fclm\u00fc\u015f olarak Etik Kurul Sekreterli\u011fine teslim edilmelidir. Eksik evraklar i\u015fleme al\u0131nmayacakt\u0131r.<\/strong><\/span><\/p>\n<p><strong><u>BA\u015eVURU \u0130\u00c7\u0130N GEREKL\u0130 FORMLAR :<\/u><\/strong><\/p>\n<p>1.Ba\u015fvuru Dilek\u00e7esi(Zorunlu)<\/p>\n<p>2.Ba\u015fvuru Formu \u00a0(Zorunlu)<\/p>\n<p>3.B\u00fct\u00e7e Formu(Zorunlu)<\/p>\n<p>4.Ba\u015fvuru Sahibinin \u00d6zge\u00e7mi\u015f Formu (Zorunlu)<\/p>\n<p>5.\u00c7ok Merkezli Ara\u015ft\u0131rmalar \u0130\u00e7in Biyolojik Materyal Transfer Formu<\/p>\n<p>6.Bilgilendirilmi\u015f G\u00f6n\u00fcll\u00fc Olur Formu \u00d6rne\u011fi (\u00c7al\u0131\u015fmaya ba\u011fl\u0131) Bu formda ara\u015ft\u0131rman\u0131n amac\u0131, y\u00f6ntemler ve g\u00f6n\u00fcll\u00fcye yap\u0131lacak t\u00fcm uygulamalar sade ve g\u00f6n\u00fcll\u00fcn\u00fcn anlayabilece\u011fi bir dille uzunca yaz\u0131lmal\u0131d\u0131r<\/p>\n<p>7.Tez ama\u00e7l\u0131 ba\u015fvuru yapacak ara\u015ft\u0131rma g\u00f6revlilerimizin ilgili Anabilim Dal\u0131 Kurul Karar\u0131n\u0131n bir adet fotokopisi (Tez \u00c7al\u0131\u015fmalar\u0131 i\u00e7in zorunlu)<\/p>\n<p>8.Referans Makale (Ara\u015ft\u0131rma ile ilgili en \u00f6nemli 3 makale) (Zorunlu)<\/p>\n<p>9.Mavi Renkli \u015eeffaf Kapakl\u0131 Plastik Dosya (Zorunlu)<\/p>\n<p>10.Konu ile ilgili Acrobat Reader (.pdf) format\u0131nda 3 adet literat\u00fcr: Literat\u00fcr Elektronik Ortamda Olmal\u0131 (Zorunlu)<\/p>\n<p><strong>11. <\/strong>HELS\u0130NK\u0130 B\u0130LD\u0130RGES\u0130 (\u00c7\u0131kt\u0131s\u0131 al\u0131nd\u0131ktan sonra t\u00fcm ara\u015ft\u0131rmac\u0131lar taraf\u0131ndan okunmu\u015f ve her sayfas\u0131 imzalanm\u0131\u015f olmal\u0131d\u0131r. (Zorunlu )<\/p>\n<p>12. Kullan\u0131lacak Anket ve \u00d6l\u00e7ek Formlar\u0131 ( \u0130lgili \u00c7al\u0131\u015fmalar i\u00e7in \u0130stenilecektir)<\/p>\n<p>13.Anabilim Dal\u0131 Ba\u015fkan\u0131 Onay Yaz\u0131s\u0131 (Zorunlu)<\/p>\n<p>&nbsp;<\/p>\n<p><em><strong><a href=\"https:\/\/kliniketikkurul.ebyu.edu.tr\/wp-content\/uploads\/2023\/01\/KAEK-Degisiklik-Bilgi-Formudoc-1.doc\">KAEK Degisiklik Bilgi Formu : 10 Ocak 2023 ((\u00c7al\u0131\u015fmaya ba\u011fl\u0131)<\/a><\/strong><\/em><\/p>\n<p><em><strong><a href=\"https:\/\/kliniketikkurul.ebyu.edu.tr\/wp-content\/uploads\/2023\/01\/Basvuru-Dosyasi-Kontrol-Listesi.doc\">Basvuru Dosyasi Kontrol Listesi : 10 Ocak 2023<\/a><\/strong><\/em><\/p>\n<p><em><strong><a href=\"https:\/\/kliniketikkurul.ebyu.edu.tr\/wp-content\/uploads\/2023\/01\/Baska-Bir-Etik-Kurula-Basvuru-Yapilmadigina-Dair-Dilekce.doc\">Baska Bir Etik Kurula Basvuru Yapilmadigina Dair Dilekce : 10 Ocak 2023<\/a><\/strong><\/em><\/p>\n<p><em><strong><a href=\"https:\/\/kliniketikkurul.ebyu.edu.tr\/wp-content\/uploads\/2023\/01\/Destekleyen-Kurulus-Taahhutnamesi-1.doc\">Destekleyen Kurulus Taahhutnamesi : 10 Ocak 2023 (\u00c7al\u0131\u015fmaya ba\u011fl\u0131)<\/a><\/strong><\/em><\/p>\n<p>&nbsp;<\/p>\n<p><a href=\"https:\/\/kliniketikkurul.ebyu.edu.tr\/wp-content\/uploads\/2020\/02\/Ba\u015fvuru-Dilek\u00e7esi.docx\"><strong>Ba\u015fvuru Dilek\u00e7esi (G\u00fcncelleme Tarihi: 19 \u015eubat 2020)<\/strong><\/a><\/p>\n<p><strong><a href=\"https:\/\/kliniketikkurul.ebyu.edu.tr\/wp-content\/uploads\/2025\/02\/Basvuru-Formu-1.docx\">Ba\u015fvuru Formu(G\u00fcncellenme Tarihi : 06 \u015eubat 2025)<\/a><\/strong><\/p>\n<p><strong><a href=\"https:\/\/kliniketikkurul.ebyu.edu.tr\/wp-content\/uploads\/2025\/09\/Butce-Formu.docx\">B\u00fct\u00e7e Formu (G\u00fcncellenme Tarihi : 06 \u015eubat 2025)<\/a><\/strong><\/p>\n<p>&nbsp;<\/p>\n<p><strong><a href=\"https:\/\/kliniketikkurul.ebyu.edu.tr\/wp-content\/uploads\/2025\/10\/Ozgecmis-Formu-1.docx\">\u00d6zge\u00e7mi\u015f Formu (G\u00fcncellenme Tarihi : 06 \u015eubat 2025)\u00a0<\/a><\/strong><\/p>\n<p><a href=\"https:\/\/kliniketikkurul.ebyu.edu.tr\/wp-content\/uploads\/2025\/10\/Biyolojik-Materyal-Transfer-Formu.doc\"><strong>Biyolojik Materyal Transfer Formu (G\u00fcncelleme Tarihi: 06 \u015eubat 2025)<\/strong><\/a><\/p>\n<p><strong><a href=\"https:\/\/www.ttb.org.tr\/userfiles\/files\/dtb_helsinki_bildirgesi_2024.pdf\">Helsinki Bildirgesi (G\u00fcncelleme Tarihi: 12.11.2024)<\/a><\/strong><\/p>\n<p><strong><a href=\"https:\/\/kliniketikkurul.ebyu.edu.tr\/wp-content\/uploads\/2022\/10\/Anabilim-Dali-Bas\u0327kani-Eg\u0306itim-Sorumlusu-Bilgilendirme-Formu.doc\">Anabilim Dal\u0131 Bas\u0327kan\u0131-Eg\u0306itim Sorumlusu Bilgilendirme Formu(G\u00fcncellenme: 29 Eyl\u00fcl 2022)<\/a><\/strong><\/p>\n<p><a href=\"https:\/\/kliniketikkurul.ebyu.edu.tr\/wp-content\/uploads\/2025\/10\/BGOF-Cocuklarda-Yapilacak-Olan-Arastirmalar-Icin-Saglikli-Cocugun-Ebeveynine-Yonelik-Bilgilendirilmis-Gonullu-Onam-Formu.docx\"><strong>BGOF &#8211; \u00c7ocuklarda Yap\u0131lacak Olan Ara\u015ft\u0131rmalar \u0130\u00e7in \u201cSa\u011fl\u0131kl\u0131 \u00c7ocu\u011fun Ebeveynine\u201d Y\u00f6nelik Bilgilendirilmi\u015f G\u00f6n\u00fcll\u00fc Onam Formu (G\u00fcncelleme Tarihi: 06 \u015eubat 2025)<\/strong><\/a><\/p>\n<p><a href=\"https:\/\/kliniketikkurul.ebyu.edu.tr\/wp-content\/uploads\/2025\/10\/BGOF-Eriskin-Hastalar-Icin-Bilgilendirilmis-Gonullu-Onam-Formu.docx\"><strong>BGOF &#8211; Eri\u015fkin Hastalar \u0130\u00e7in Bilgilendirilmi\u015f G\u00f6n\u00fcll\u00fc Onam Formu (G\u00fcncelleme Tarihi: 06 \u015eubat 2025)<\/strong><\/a><\/p>\n<p><a href=\"https:\/\/kliniketikkurul.ebyu.edu.tr\/wp-content\/uploads\/2025\/10\/BGOF-Hastalikli-Cocuklarda-Yapilacak-Olan-Arastirmalar-Icin-Ebeveyn-Bilgilendirilmis-Gonullu-Onam-Formu.docx\"><strong>BGOF &#8211; Hastal\u0131kl\u0131 \u00c7ocuklarda Yap\u0131lacak Olan Ara\u015ft\u0131rmalar \u0130\u00e7in \u201cEbeveyn\u201d Bilgilendirilmi\u015f G\u00f6n\u00fcll\u00fc Onam Formu<\/strong> <strong>(G\u00fcncelleme Tarihi: 06 \u015eubat 2025)<\/strong><\/a><\/p>\n<p><a href=\"https:\/\/kliniketikkurul.ebyu.edu.tr\/wp-content\/uploads\/2025\/10\/BGOF-Okul-Cagindaki-Hastalikli-Cocuklarda-Yapilacak-Arastirmalar-Icin-Cocuk-Bilgilendirilmis-Gonullu-Onam-Formu.docx\"><strong>BGOF &#8211; Okul \u00c7a\u011f\u0131ndaki Hastal\u0131kl\u0131 \u00c7ocuklarda Yap\u0131lacak Ara\u015ft\u0131rmalar \u0130\u00e7in \u201c\u00c7ocuk\u201d Bilgilendirilmi\u015f G\u00f6n\u00fcll\u00fc Onam Formu<\/strong> <strong>(G\u00fcncelleme Tarihi: 06 \u015eubat 2025)<\/strong><\/a><\/p>\n<p><a href=\"https:\/\/kliniketikkurul.ebyu.edu.tr\/wp-content\/uploads\/2025\/10\/BGOF-Okul-Cagindaki-Saglikli-Cocuklarda-Yapilacak-Arastirmalar-Icin-Cocuk-Bilgilendirilmis-Gonullu-Onam-Formu.docx\"><strong>BGOF &#8211; Okul \u00c7a\u011f\u0131ndaki Hastal\u0131kl\u0131 \u00c7ocuklarda Yap\u0131lacak Ara\u015ft\u0131rmalar \u0130\u00e7in \u201c\u00c7ocuk\u201d Bilgilendirilmi\u015f G\u00f6n\u00fcll\u00fc Onam Formu<\/strong> <strong>(G\u00fcncelleme Tarihi: 06 \u015eubat 2025)<\/strong><\/a><\/p>\n<p>&nbsp;<\/p>\n<p>&nbsp;<\/p>\n","protected":false},"excerpt":{"rendered":"<p>KL\u0130N\u0130K ARA\u015eTIRMALAR ET\u0130K KURUL BA\u015eVURU FORMLARI Ba\u015fvuru Formlar\u0131n\u0131 web sayfam\u0131zdan indirebilirsiniz. Ba\u015fvurular, \u00dcniversitemiz T\u0131p Fak\u00fcltesi \u201cEBYU Klinik Ara\u015ft\u0131rmalar Etik Kurulu\u201d sekretaryas\u0131na elden yap\u0131lacakt\u0131r. *** \u00d6nemli Duyuru; Ba\u015fvuruda istenen evraklar\u0131n hepsi imzalanarak sonras\u0131nda tarat\u0131larak tek bir PDF dosyas\u0131na d\u00f6n\u00fc\u015ft\u00fcr\u00fclm\u00fc\u015f olarak Etik Kurul Sekreterli\u011fine teslim edilmelidir. Eksik evraklar i\u015fleme al\u0131nmayacakt\u0131r. BA\u015eVURU \u0130\u00c7\u0130N GEREKL\u0130 FORMLAR : 1.Ba\u015fvuru Dilek\u00e7esi(Zorunlu) [&hellip;]<\/p>\n","protected":false},"author":1,"featured_media":0,"parent":0,"menu_order":0,"comment_status":"closed","ping_status":"closed","template":"","meta":[],"_links":{"self":[{"href":"https:\/\/kliniketikkurul.ebyu.edu.tr\/index.php?rest_route=\/wp\/v2\/pages\/13"}],"collection":[{"href":"https:\/\/kliniketikkurul.ebyu.edu.tr\/index.php?rest_route=\/wp\/v2\/pages"}],"about":[{"href":"https:\/\/kliniketikkurul.ebyu.edu.tr\/index.php?rest_route=\/wp\/v2\/types\/page"}],"author":[{"embeddable":true,"href":"https:\/\/kliniketikkurul.ebyu.edu.tr\/index.php?rest_route=\/wp\/v2\/users\/1"}],"replies":[{"embeddable":true,"href":"https:\/\/kliniketikkurul.ebyu.edu.tr\/index.php?rest_route=%2Fwp%2Fv2%2Fcomments&post=13"}],"version-history":[{"count":60,"href":"https:\/\/kliniketikkurul.ebyu.edu.tr\/index.php?rest_route=\/wp\/v2\/pages\/13\/revisions"}],"predecessor-version":[{"id":703,"href":"https:\/\/kliniketikkurul.ebyu.edu.tr\/index.php?rest_route=\/wp\/v2\/pages\/13\/revisions\/703"}],"wp:attachment":[{"href":"https:\/\/kliniketikkurul.ebyu.edu.tr\/index.php?rest_route=%2Fwp%2Fv2%2Fmedia&parent=13"}],"curies":[{"name":"wp","href":"https:\/\/api.w.org\/{rel}","templated":true}]}}