{"id":19,"date":"2016-03-10T13:35:51","date_gmt":"2016-03-10T11:35:51","guid":{"rendered":"http:\/\/kliniketikkurul.erzincan.edu.tr\/?page_id=19"},"modified":"2022-08-24T11:02:32","modified_gmt":"2022-08-24T08:02:32","slug":"iletisim","status":"publish","type":"page","link":"https:\/\/kliniketikkurul.ebyu.edu.tr\/?page_id=19","title":{"rendered":"\u0130leti\u015fim"},"content":{"rendered":"<p>Erzincan\u00a0Binali Y\u0131ld\u0131r\u0131m \u00dcniversitesi<\/p>\n<p>Klinik Ara\u015ft\u0131rmalar Etik Kurulu<\/p>\n<p>T\u0131p Fak\u00fcltesi Binas\u0131<\/p>\n<p>24100 ERZINCAN<\/p>\n<p><strong>TEL<\/strong>:\u00a0\u00a0\u00a0\u00a0\u00a0(0446) 226 18 18 \/31013, <strong>FAX<\/strong>:\u00a0\u00a0\u00a0\u00a0\u00a0(0446) 226 18 19<\/p>\n<p><strong>Email<\/strong>: ketik@erzincan.edu.tr<\/p>\n","protected":false},"excerpt":{"rendered":"<p>Erzincan\u00a0Binali Y\u0131ld\u0131r\u0131m \u00dcniversitesi Klinik Ara\u015ft\u0131rmalar Etik Kurulu T\u0131p Fak\u00fcltesi Binas\u0131 24100 ERZINCAN TEL:\u00a0\u00a0\u00a0\u00a0\u00a0(0446) 226 18 18 \/31013, FAX:\u00a0\u00a0\u00a0\u00a0\u00a0(0446) 226 18 19 Email: ketik@erzincan.edu.tr<\/p>\n","protected":false},"author":1,"featured_media":0,"parent":0,"menu_order":0,"comment_status":"closed","ping_status":"closed","template":"","meta":[],"_links":{"self":[{"href":"https:\/\/kliniketikkurul.ebyu.edu.tr\/index.php?rest_route=\/wp\/v2\/pages\/19"}],"collection":[{"href":"https:\/\/kliniketikkurul.ebyu.edu.tr\/index.php?rest_route=\/wp\/v2\/pages"}],"about":[{"href":"https:\/\/kliniketikkurul.ebyu.edu.tr\/index.php?rest_route=\/wp\/v2\/types\/page"}],"author":[{"embeddable":true,"href":"https:\/\/kliniketikkurul.ebyu.edu.tr\/index.php?rest_route=\/wp\/v2\/users\/1"}],"replies":[{"embeddable":true,"href":"https:\/\/kliniketikkurul.ebyu.edu.tr\/index.php?rest_route=%2Fwp%2Fv2%2Fcomments&post=19"}],"version-history":[{"count":1,"href":"https:\/\/kliniketikkurul.ebyu.edu.tr\/index.php?rest_route=\/wp\/v2\/pages\/19\/revisions"}],"predecessor-version":[{"id":487,"href":"https:\/\/kliniketikkurul.ebyu.edu.tr\/index.php?rest_route=\/wp\/v2\/pages\/19\/revisions\/487"}],"wp:attachment":[{"href":"https:\/\/kliniketikkurul.ebyu.edu.tr\/index.php?rest_route=%2Fwp%2Fv2%2Fmedia&parent=19"}],"curies":[{"name":"wp","href":"https:\/\/api.w.org\/{rel}","templated":true}]}}