{"id":2,"date":"2016-03-10T10:58:19","date_gmt":"2016-03-10T08:58:19","guid":{"rendered":"http:\/\/kliniketikkurul.erzincan.edu.tr\/?page_id=2"},"modified":"2016-04-07T14:37:46","modified_gmt":"2016-04-07T11:37:46","slug":"helsinki-bildirgesi","status":"publish","type":"page","link":"https:\/\/kliniketikkurul.ebyu.edu.tr\/?page_id=2","title":{"rendered":"D\u00fcnya T\u0131p Birli\u011fi Helsinki Bildirgesi"},"content":{"rendered":"<p><a href=\"http:\/\/kliniketikkurul.erzincan.edu.tr\/wp-content\/uploads\/2016\/03\/HELS\u0130NK\u0130-B\u0130LD\u0130RGES\u0130.pdf\" rel=\"\">HELS\u0130NK\u0130-B\u0130LD\u0130RGES\u0130<\/a><\/p>\n<p>&nbsp;<\/p>\n","protected":false},"excerpt":{"rendered":"<p>HELS\u0130NK\u0130-B\u0130LD\u0130RGES\u0130 &nbsp;<\/p>\n","protected":false},"author":1,"featured_media":0,"parent":0,"menu_order":0,"comment_status":"closed","ping_status":"closed","template":"","meta":[],"_links":{"self":[{"href":"https:\/\/kliniketikkurul.ebyu.edu.tr\/index.php?rest_route=\/wp\/v2\/pages\/2"}],"collection":[{"href":"https:\/\/kliniketikkurul.ebyu.edu.tr\/index.php?rest_route=\/wp\/v2\/pages"}],"about":[{"href":"https:\/\/kliniketikkurul.ebyu.edu.tr\/index.php?rest_route=\/wp\/v2\/types\/page"}],"author":[{"embeddable":true,"href":"https:\/\/kliniketikkurul.ebyu.edu.tr\/index.php?rest_route=\/wp\/v2\/users\/1"}],"replies":[{"embeddable":true,"href":"https:\/\/kliniketikkurul.ebyu.edu.tr\/index.php?rest_route=%2Fwp%2Fv2%2Fcomments&post=2"}],"version-history":[{"count":0,"href":"https:\/\/kliniketikkurul.ebyu.edu.tr\/index.php?rest_route=\/wp\/v2\/pages\/2\/revisions"}],"wp:attachment":[{"href":"https:\/\/kliniketikkurul.ebyu.edu.tr\/index.php?rest_route=%2Fwp%2Fv2%2Fmedia&parent=2"}],"curies":[{"name":"wp","href":"https:\/\/api.w.org\/{rel}","templated":true}]}}