{"id":422,"date":"2021-02-05T10:54:23","date_gmt":"2021-02-05T07:54:23","guid":{"rendered":"https:\/\/kliniketikkurul.ebyu.edu.tr\/?page_id=422"},"modified":"2023-01-10T10:11:04","modified_gmt":"2023-01-10T07:11:04","slug":"basvurular-2","status":"publish","type":"page","link":"https:\/\/kliniketikkurul.ebyu.edu.tr\/?page_id=422","title":{"rendered":"Ba\u015fvurular"},"content":{"rendered":"<p>&nbsp;<\/p>\n<p style=\"text-align: center\"><em><strong>KL\u0130N\u0130K ARA\u015eTIRMALAR ET\u0130K KURULU<\/strong><\/em><\/p>\n<p style=\"text-align: center\"><em><strong>Toplant\u0131 Tarihleri- Dosya Kabul Tarihleri<\/strong><\/em><\/p>\n<p><strong>(2023)<\/strong><\/p>\n<p><em>2023 Y\u0131l\u0131 Ait Klinik Ara\u015ft\u0131rmalar Etik Kurul \u00c7al\u0131\u015fma Takvimi<\/em><\/p>\n<table width=\"642\">\n<tbody>\n<tr>\n<td width=\"167\"><strong>AYLAR<\/strong><\/td>\n<td width=\"251\"><strong>TOPLANTI TAR\u0130HLER\u0130<\/strong><\/td>\n<td width=\"216\"><strong>\u00a0<\/strong><\/p>\n<p><strong>DOSYA\u2026KABUL TAR\u0130HLER\u0130<\/strong><\/td>\n<\/tr>\n<tr>\n<td width=\"167\"><strong>Ocak<\/strong><\/td>\n<td width=\"251\">5 Ocak 2023 (1.Etik Kurul Toplant\u0131 Tarihi)<\/p>\n<p>19 Ocak 2022 (2.Etik Kurul Toplant\u0131 Tarihi)<\/td>\n<td width=\"216\">26-30 Aral\u0131k 2022 (1. Etik Kurul Dosya Ba\u015fvuru Tarihleri)<\/p>\n<p>9-13 Ocak 2023 (2. Etik Kurul Dosya Ba\u015fvuru Tarihleri)<\/td>\n<\/tr>\n<tr>\n<td width=\"167\"><strong>\u015eubat<\/strong><\/td>\n<td width=\"251\">02 \u015eubat 2023 (3.Etik Kurul Toplant\u0131 Tarihi)<\/p>\n<p>16 \u015eubat 2023 (4.Etik Kurul Toplant\u0131 Tarihi)<\/td>\n<td width=\"216\">23-27 Ocak 20223 (3. Etik Kurul Dosya Ba\u015fvuru Tarihleri)<\/p>\n<p>6-10 \u015eubat 2023(4. Etik Kurul Dosya Ba\u015fvuru Tarihleri)<\/td>\n<\/tr>\n<tr>\n<td width=\"167\"><strong>Mart<\/strong><\/td>\n<td width=\"251\">2 Mart 2023 (5.Etik Kurul Toplant\u0131 Tarihi)<\/p>\n<p>&nbsp;<\/p>\n<p>16 Mart 2023 (6.Etik Kurul Toplant\u0131 Tarihi)<\/p>\n<p>&nbsp;<\/p>\n<p>30 Mart 2023 (7. Etik Kurul Toplant\u0131 Tarihi)<\/td>\n<td width=\"216\">20-24 \u015eubat 2023(5. Etik Kurul Dosya Ba\u015fvuru Tarihleri)<\/p>\n<p>&nbsp;<\/p>\n<p>6-10 Mart 2023 (6. Etik Kurul Dosya Ba\u015fvuru Tarihleri)<\/p>\n<p>&nbsp;<\/p>\n<p>20-24 Mart 2023 (7. Etik Kurul Dosya Ba\u015fvuru Tarihleri)<\/td>\n<\/tr>\n<tr>\n<td width=\"167\"><strong>Nisan<\/strong><\/td>\n<td width=\"251\">13 Nisan 2023 (8.Etik Kurul Toplant\u0131 Tarihi)<\/p>\n<p>&nbsp;<\/p>\n<p>27 Nisan 2023 (9.Etik Kurul Toplant\u0131 Tarihi)<\/td>\n<td width=\"216\">3-7 Nisan 2023 (8. Etik Kurul Dosya Ba\u015fvuru Tarihleri)<\/p>\n<p>&nbsp;<\/p>\n<p>17-19 Nisan 2023 (9. Etik Kurul Dosya Ba\u015fvuru Tarihleri)<\/td>\n<\/tr>\n<tr>\n<td width=\"167\"><strong>May\u0131s<\/strong><\/td>\n<td width=\"251\">11 May\u0131s 2023 (10.Etik Kurul Toplant\u0131 Tarihi)<\/p>\n<p>25 May\u0131s 2023 (11.Etik Kurul Toplant\u0131 Tarihi)<\/td>\n<td width=\"216\">2-5 May\u0131s 2023 (10. Etik Kurul Dosya Ba\u015fvuru Tarihleri)<\/p>\n<p>15-17 May\u0131s 2023 (11. Etik Kurul Dosya Ba\u015fvuru Tarihleri)<\/p>\n<p>&nbsp;<\/td>\n<\/tr>\n<tr>\n<td width=\"167\"><strong>\u00a0<\/strong><\/p>\n<p><strong>\u00a0<\/strong><\/p>\n<p><strong>\u00a0<\/strong><\/p>\n<p><strong>Haziran<\/strong><\/p>\n<p><strong>\u00a0<\/strong><\/p>\n<p><strong>\u00a0<\/strong><\/p>\n<p><strong>\u00a0<\/strong><\/p>\n<p><strong>\u00a0<\/strong><\/td>\n<td width=\"251\">08 Haziran 2023 (12.Etik Kurul Toplant\u0131 Tarihi)<\/p>\n<p>&nbsp;<\/p>\n<p>22 Haziran 2023 (13.Etik Kurul Toplant\u0131 Tarihi)<\/td>\n<td width=\"216\">29 May\u0131s-02 Haziran 2023 (12. Etik Kurul Dosya Ba\u015fvuru Tarihleri)<\/p>\n<p>12-16 Haziran 2023 (13. Etik Kurul Dosya Ba\u015fvuru Tarihleri)<\/p>\n<p>&nbsp;<\/td>\n<\/tr>\n<\/tbody>\n<\/table>\n<p>&nbsp;<\/p>\n<p>&nbsp;<\/p>\n<p><span style=\"color: #ff0000\"><strong>*** \u00d6nemli Duyuru; Ba\u015fvuruda istenen evraklar\u0131n hepsi imzalanarak sonras\u0131nda tarat\u0131larak tek bir PDF dosyas\u0131na d\u00f6n\u00fc\u015ft\u00fcr\u00fclm\u00fc\u015f olarak Etik Kurul Sekreterli\u011fine teslim edilmelidir. Eksik evraklar i\u015fleme al\u0131nmayacakt\u0131r.<\/strong><\/span><\/p>\n<p><strong><u>Not :<\/u><\/strong><\/p>\n<p>Ba\u015fvuru Formlar\u0131n\u0131 Etik Kurul Sekreterli\u011fine\u00a0 <strong>hem bas\u0131l\u0131 hem elektronik ortamda<\/strong>\u00a0 haz\u0131rlanm\u0131\u015f \u015fekilde teslim ediniz. L\u00fctfen formlar\u0131 eksiksiz ve \u00f6zenli bir \u015fekilde doldurunuz. Gerekli \u00f6zen g\u00f6sterilmeden doldurulmu\u015f formlar sebebiyle ba\u015fvurular\u0131n sonu\u00e7lanmas\u0131 gecikebilmektedir. Formlar ile ilgili sorular\u0131n\u0131z\u0131 etik kurulu sekreterine <a href=\"mailto:ketik@erzincan.edu.tr\">yay@erzincan.edu.tr<\/a> mail adresi \u00fczerinden iletebilirsiniz.<\/p>\n<p>&nbsp;<\/p>\n<p>&nbsp;<\/p>\n","protected":false},"excerpt":{"rendered":"<p>&nbsp; KL\u0130N\u0130K ARA\u015eTIRMALAR ET\u0130K KURULU Toplant\u0131 Tarihleri- Dosya Kabul Tarihleri (2023) 2023 Y\u0131l\u0131 Ait Klinik Ara\u015ft\u0131rmalar Etik Kurul \u00c7al\u0131\u015fma Takvimi AYLAR TOPLANTI TAR\u0130HLER\u0130 \u00a0 DOSYA\u2026KABUL TAR\u0130HLER\u0130 Ocak 5 Ocak 2023 (1.Etik Kurul Toplant\u0131 Tarihi) 19 Ocak 2022 (2.Etik Kurul Toplant\u0131 Tarihi) 26-30 Aral\u0131k 2022 (1. Etik Kurul Dosya Ba\u015fvuru Tarihleri) 9-13 Ocak 2023 (2. Etik [&hellip;]<\/p>\n","protected":false},"author":5,"featured_media":0,"parent":0,"menu_order":0,"comment_status":"closed","ping_status":"closed","template":"","meta":[],"_links":{"self":[{"href":"https:\/\/kliniketikkurul.ebyu.edu.tr\/index.php?rest_route=\/wp\/v2\/pages\/422"}],"collection":[{"href":"https:\/\/kliniketikkurul.ebyu.edu.tr\/index.php?rest_route=\/wp\/v2\/pages"}],"about":[{"href":"https:\/\/kliniketikkurul.ebyu.edu.tr\/index.php?rest_route=\/wp\/v2\/types\/page"}],"author":[{"embeddable":true,"href":"https:\/\/kliniketikkurul.ebyu.edu.tr\/index.php?rest_route=\/wp\/v2\/users\/5"}],"replies":[{"embeddable":true,"href":"https:\/\/kliniketikkurul.ebyu.edu.tr\/index.php?rest_route=%2Fwp%2Fv2%2Fcomments&post=422"}],"version-history":[{"count":39,"href":"https:\/\/kliniketikkurul.ebyu.edu.tr\/index.php?rest_route=\/wp\/v2\/pages\/422\/revisions"}],"predecessor-version":[{"id":624,"href":"https:\/\/kliniketikkurul.ebyu.edu.tr\/index.php?rest_route=\/wp\/v2\/pages\/422\/revisions\/624"}],"wp:attachment":[{"href":"https:\/\/kliniketikkurul.ebyu.edu.tr\/index.php?rest_route=%2Fwp%2Fv2%2Fmedia&parent=422"}],"curies":[{"name":"wp","href":"https:\/\/api.w.org\/{rel}","templated":true}]}}