{"id":52,"date":"2016-03-17T15:14:07","date_gmt":"2016-03-17T13:14:07","guid":{"rendered":"http:\/\/kliniketikkurul.erzincan.edu.tr\/?page_id=52"},"modified":"2021-02-05T10:48:13","modified_gmt":"2021-02-05T07:48:13","slug":"erzincan-universitesi-klinik-arastirmalar-etik-kurulu","status":"publish","type":"page","link":"https:\/\/kliniketikkurul.ebyu.edu.tr\/","title":{"rendered":"Erzincan Binali Y\u0131ld\u0131r\u0131m \u00dcniversitesi Klinik Ara\u015ft\u0131rmalar Etik Kurulu"},"content":{"rendered":"<p style=\"text-align: justify;\">Erzincan Binali Y\u0131ld\u0131r\u0131m \u00dcniversitesi Klinik Ara\u015ft\u0131rmalar Etik Kurulu, T.C. Sa\u011fl\u0131k Bakanl\u0131\u011f\u0131 taraf\u0131ndan \u201cKlinik Ara\u015ft\u0131rmalar Hakk\u0131nda Y\u00f6netmelik\u201d 13 Nisan 2013 tarih ve 28617 say\u0131l\u0131 Resmi Gazetede yay\u0131nlanan \u201cEtik Kurul Standart \u0130\u015fleyi\u015f Y\u00f6ntemi Esaslar\u0131\u201d ve ilgili di\u011fer mevzuata g\u00f6re kurulmu\u015ftur.<\/p>\n<p style=\"text-align: justify;\"><strong>Erzincan Binali Y\u0131ld\u0131r\u0131m \u00dcniversitesi Klinik Ara\u015ft\u0131rmalar Etik Kurulu<\/strong>, gerek \u00dcniversitemizin birimlerinden, gerekse ba\u015fka kurum ve kurulu\u015flardan yap\u0131lan ba\u015fvurulardan biyo-yararlan\u0131m, biyo-e\u015fde\u011ferlik \u00e7al\u0131\u015fmalar\u0131 d\u0131\u015f\u0131nda kalan ve Y\u00f6netmelik kapsam\u0131nda olan ruhsat veya izin al\u0131nm\u0131\u015f olsa dahi insanlar \u00fczerinde yap\u0131lacak olan ila\u00e7, t\u0131bbi \u00fcr\u00fcnler ve bitkisel t\u0131bbi \u00fcr\u00fcnler ile ila\u00e7 d\u0131\u015f\u0131 (ila\u00e7, biyolojik ve t\u0131bbi \u00fcr\u00fcnler ile t\u0131bbi cihazlar ve kozmetik \u00fcr\u00fcnler d\u0131\u015f\u0131nda, insanlar \u00fczerinde ger\u00e7ekle\u015ftirilecek olan yeni bir cerrahi y\u00f6ntem ara\u015ft\u0131rmas\u0131, k\u00f6k h\u00fccre nakli ara\u015ft\u0131rmas\u0131, doku nakli ara\u015ft\u0131rmas\u0131 veya organ nakli ara\u015ft\u0131rmas\u0131) klinik ara\u015ft\u0131rmalar hakk\u0131nda bilimsel ve etik y\u00f6nden de\u011ferlendirme yaparak g\u00f6r\u00fc\u015f bildirecektir.<\/p>\n<p style=\"text-align: justify;\">Erzincan Binali Y\u0131ld\u0131r\u0131m \u00dcniversitesi Klinik Ara\u015ft\u0131rmalar Etik Kurulu ayr\u0131ca Y\u00f6netmelik kapsam\u0131 d\u0131\u015f\u0131nda kalan \u201cretrospektif \u00e7al\u0131\u015fmalar\u201d ve insana bir hekimin do\u011frudan m\u00fcdahalesini gerektirmeden yap\u0131lacak olan \u201cgiri\u015fimsel olmayan ara\u015ft\u0131rmalar\u201d hakk\u0131nda da bilimsel ve etik y\u00f6nden onay i\u00e7in de\u011ferlendirme yapacakt\u0131r.<\/p>\n<p>EBY\u00dc Klinik Ara\u015ft\u0131rmalar Etik Kurulu<\/p>\n","protected":false},"excerpt":{"rendered":"<p>Erzincan Binali Y\u0131ld\u0131r\u0131m \u00dcniversitesi Klinik Ara\u015ft\u0131rmalar Etik Kurulu, T.C. Sa\u011fl\u0131k Bakanl\u0131\u011f\u0131 taraf\u0131ndan \u201cKlinik Ara\u015ft\u0131rmalar Hakk\u0131nda Y\u00f6netmelik\u201d 13 Nisan 2013 tarih ve 28617 say\u0131l\u0131 Resmi Gazetede yay\u0131nlanan \u201cEtik Kurul Standart \u0130\u015fleyi\u015f Y\u00f6ntemi Esaslar\u0131\u201d ve ilgili di\u011fer mevzuata g\u00f6re kurulmu\u015ftur. Erzincan Binali Y\u0131ld\u0131r\u0131m \u00dcniversitesi Klinik Ara\u015ft\u0131rmalar Etik Kurulu, gerek \u00dcniversitemizin birimlerinden, gerekse ba\u015fka kurum ve kurulu\u015flardan yap\u0131lan [&hellip;]<\/p>\n","protected":false},"author":1,"featured_media":0,"parent":0,"menu_order":0,"comment_status":"closed","ping_status":"closed","template":"","meta":[],"_links":{"self":[{"href":"https:\/\/kliniketikkurul.ebyu.edu.tr\/index.php?rest_route=\/wp\/v2\/pages\/52"}],"collection":[{"href":"https:\/\/kliniketikkurul.ebyu.edu.tr\/index.php?rest_route=\/wp\/v2\/pages"}],"about":[{"href":"https:\/\/kliniketikkurul.ebyu.edu.tr\/index.php?rest_route=\/wp\/v2\/types\/page"}],"author":[{"embeddable":true,"href":"https:\/\/kliniketikkurul.ebyu.edu.tr\/index.php?rest_route=\/wp\/v2\/users\/1"}],"replies":[{"embeddable":true,"href":"https:\/\/kliniketikkurul.ebyu.edu.tr\/index.php?rest_route=%2Fwp%2Fv2%2Fcomments&post=52"}],"version-history":[{"count":0,"href":"https:\/\/kliniketikkurul.ebyu.edu.tr\/index.php?rest_route=\/wp\/v2\/pages\/52\/revisions"}],"wp:attachment":[{"href":"https:\/\/kliniketikkurul.ebyu.edu.tr\/index.php?rest_route=%2Fwp%2Fv2%2Fmedia&parent=52"}],"curies":[{"name":"wp","href":"https:\/\/api.w.org\/{rel}","templated":true}]}}