{"id":97,"date":"2016-03-23T22:53:15","date_gmt":"2016-03-23T20:53:15","guid":{"rendered":"http:\/\/kliniketikkurul.erzincan.edu.tr\/?page_id=97"},"modified":"2025-08-18T15:12:30","modified_gmt":"2025-08-18T12:12:30","slug":"duyurular","status":"publish","type":"page","link":"https:\/\/kliniketikkurul.ebyu.edu.tr\/?page_id=97","title":{"rendered":"Duyurular"},"content":{"rendered":"<p><span style=\"color: #ff0000\"><strong>*** \u00d6nemli Duyuru; Giri\u015fimsel Olmayan Klinik Ara\u015ft\u0131rmalar Etik Kurul ba\u015fvurular\u0131 25-29 A\u011fustos tarihleri aras\u0131nda al\u0131nacakt\u0131r.<\/strong><\/span><\/p>\n<p><span style=\"color: #ff0000\"><strong>*** \u00d6nemli Duyuru; Ba\u015fvuruda istenen evraklar\u0131n hepsi imzalanarak sonras\u0131nda tarat\u0131larak tek bir PDF dosyas\u0131na d\u00f6n\u00fc\u015ft\u00fcr\u00fclm\u00fc\u015f olarak Etik Kurul Sekreterli\u011fine teslim edilmelidir. Eksik evraklar i\u015fleme al\u0131nmayacakt\u0131r.<\/strong><\/span><\/p>\n<p>&nbsp;<\/p>\n<p>&nbsp;<\/p>\n<p><strong>***EBYU Klinik Ara\u015ft\u0131rmalar Etik Kurulumuzun G\u00fcncel \u00c7al\u0131\u015fma Takvimi yay\u0131nlanm\u0131\u015ft\u0131r.<\/strong><\/p>\n<p>&nbsp;<\/p>\n<p style=\"text-align: left\"><strong>***Klinik Ara\u015ft\u0131rma Taraflar\u0131n\u0131n Dikkatine<\/strong><\/p>\n<p>13.04.2013 tarih ve 28617 say\u0131l\u0131 Resmi Gazete\u2019 de yay\u0131mlanarak y\u00fcr\u00fcrl\u00fc\u011fe giren \u0130la\u00e7 ve Biyolojik \u00dcr\u00fcnlerin Klinik Ara\u015ft\u0131rmalar\u0131 Hakk\u0131nda Y\u00f6netmeli\u011fin 12\/C maddesinin 1 inci f\u0131kras\u0131n\u0131n uygulanmas\u0131na ili\u015fkin Klinik Ara\u015ft\u0131rma Ba\u015fvurular\u0131nda G\u00fcven Uygulamalar\u0131 K\u0131lavuzu haz\u0131rlanm\u0131\u015f olup 05.06.2024 tarih ile onaylanm\u0131\u015ft\u0131r. K\u0131lavuz, onay tarihi itibari ile y\u00fcr\u00fcrl\u00fc\u011fe girmi\u015ftir.<\/p>\n<p>\u0130lgililere \u00f6nemle duyurulur.<\/p>\n<p>&nbsp;<\/p>\n<p><a href=\"http:\/\/chrome-extension:\/\/efaidnbmnnnibpcajpcglclefindmkaj\/https:\/\/titck.gov.tr\/storage\/Archive\/2024\/contentFile\/KAD-KLVZ-24%20Klinik%20Ara%C5%9Ft%C4%B1rma%20Ba%C5%9Fvurular%C4%B1nda%20G%C3%BCven%20Uygulamalar%C4%B1%20K%C4%B1lavuzu_d700949f-8061-4654-9e2e-7806edbaa801.pdf\">Klinik Ara\u015ft\u0131rma Ba\u015fvurularnda G\u00fcven Uygulamalar Klavuzu<\/a><\/p>\n<p>&nbsp;<\/p>\n<p>&nbsp;<\/p>\n<p>&nbsp;<\/p>\n<p>&nbsp;<\/p>\n","protected":false},"excerpt":{"rendered":"<p>*** \u00d6nemli Duyuru; Giri\u015fimsel Olmayan Klinik Ara\u015ft\u0131rmalar Etik Kurul ba\u015fvurular\u0131 25-29 A\u011fustos tarihleri aras\u0131nda al\u0131nacakt\u0131r. *** \u00d6nemli Duyuru; Ba\u015fvuruda istenen evraklar\u0131n hepsi imzalanarak sonras\u0131nda tarat\u0131larak tek bir PDF dosyas\u0131na d\u00f6n\u00fc\u015ft\u00fcr\u00fclm\u00fc\u015f olarak Etik Kurul Sekreterli\u011fine teslim edilmelidir. Eksik evraklar i\u015fleme al\u0131nmayacakt\u0131r. &nbsp; &nbsp; ***EBYU Klinik Ara\u015ft\u0131rmalar Etik Kurulumuzun G\u00fcncel \u00c7al\u0131\u015fma Takvimi yay\u0131nlanm\u0131\u015ft\u0131r. &nbsp; ***Klinik Ara\u015ft\u0131rma Taraflar\u0131n\u0131n [&hellip;]<\/p>\n","protected":false},"author":1,"featured_media":0,"parent":0,"menu_order":0,"comment_status":"closed","ping_status":"closed","template":"","meta":[],"_links":{"self":[{"href":"https:\/\/kliniketikkurul.ebyu.edu.tr\/index.php?rest_route=\/wp\/v2\/pages\/97"}],"collection":[{"href":"https:\/\/kliniketikkurul.ebyu.edu.tr\/index.php?rest_route=\/wp\/v2\/pages"}],"about":[{"href":"https:\/\/kliniketikkurul.ebyu.edu.tr\/index.php?rest_route=\/wp\/v2\/types\/page"}],"author":[{"embeddable":true,"href":"https:\/\/kliniketikkurul.ebyu.edu.tr\/index.php?rest_route=\/wp\/v2\/users\/1"}],"replies":[{"embeddable":true,"href":"https:\/\/kliniketikkurul.ebyu.edu.tr\/index.php?rest_route=%2Fwp%2Fv2%2Fcomments&post=97"}],"version-history":[{"count":17,"href":"https:\/\/kliniketikkurul.ebyu.edu.tr\/index.php?rest_route=\/wp\/v2\/pages\/97\/revisions"}],"predecessor-version":[{"id":680,"href":"https:\/\/kliniketikkurul.ebyu.edu.tr\/index.php?rest_route=\/wp\/v2\/pages\/97\/revisions\/680"}],"wp:attachment":[{"href":"https:\/\/kliniketikkurul.ebyu.edu.tr\/index.php?rest_route=%2Fwp%2Fv2%2Fmedia&parent=97"}],"curies":[{"name":"wp","href":"https:\/\/api.w.org\/{rel}","templated":true}]}}